{"id":335442,"date":"2025-10-01T03:57:50","date_gmt":"2025-10-01T07:57:50","guid":{"rendered":"https:\/\/www.taoist.org\/osteoporose-et-les-arts-tai-chi-taoistemd\/"},"modified":"2025-10-01T13:32:29","modified_gmt":"2025-10-01T17:32:29","slug":"osteoporose","status":"publish","type":"page","link":"https:\/\/www.taoist.org\/fr\/osteoporose\/","title":{"rendered":"Ost\u00e9oporose et les arts Tai Chi Tao\u00efste<sup>MD<\/sup>"},"content":{"rendered":"","protected":false},"excerpt":{"rendered":"","protected":false},"author":334,"featured_media":0,"parent":0,"menu_order":0,"comment_status":"closed","ping_status":"closed","template":"template-content-blocks.php","meta":{"_acf_changed":false,"footnotes":""},"class_list":["post-335442","page","type-page","status-publish","hentry"],"acf":[],"yoast_head":"<!-- This site is optimized with the Yoast SEO plugin v27.4 - https:\/\/yoast.com\/product\/yoast-seo-wordpress\/ -->\n<title>Ost\u00e9oporose et les arts Tai Chi Tao\u00efsteMD - Institut de tao\u00efsme Fung Loy Kok<\/title>\n<meta name=\"robots\" content=\"index, follow, max-snippet:-1, max-image-preview:large, max-video-preview:-1\" \/>\n<link rel=\"canonical\" href=\"http:\/\/www.taoist.org\/fr\/osteoporose\/\" \/>\n<meta property=\"og:locale\" content=\"fr_FR\" \/>\n<meta property=\"og:type\" content=\"article\" \/>\n<meta property=\"og:title\" content=\"Ost\u00e9oporose et les arts Tai Chi Tao\u00efsteMD - Institut de tao\u00efsme Fung Loy Kok\" \/>\n<meta property=\"og:url\" content=\"http:\/\/www.taoist.org\/fr\/osteoporose\/\" \/>\n<meta property=\"og:site_name\" content=\"Institut de tao\u00efsme Fung Loy Kok\" \/>\n<meta property=\"article:publisher\" content=\"https:\/\/www.facebook.com\/flkttc\/\" \/>\n<meta property=\"article:modified_time\" content=\"2025-10-01T17:32:29+00:00\" \/>\n<meta name=\"twitter:card\" content=\"summary_large_image\" \/>\n<meta name=\"twitter:site\" content=\"@taoisttaichisoc\" \/>\n<script type=\"application\/ld+json\" class=\"yoast-schema-graph\">{\"@context\":\"https:\\\/\\\/schema.org\",\"@graph\":[{\"@type\":\"WebPage\",\"@id\":\"http:\\\/\\\/www.taoist.org\\\/fr\\\/osteoporose\\\/\",\"url\":\"http:\\\/\\\/www.taoist.org\\\/fr\\\/osteoporose\\\/\",\"name\":\"Ost\u00e9oporose et les arts Tai Chi Tao\u00efsteMD - Institut de tao\u00efsme Fung Loy Kok\",\"isPartOf\":{\"@id\":\"https:\\\/\\\/www.taoist.org\\\/#website\"},\"datePublished\":\"2025-10-01T07:57:50+00:00\",\"dateModified\":\"2025-10-01T17:32:29+00:00\",\"breadcrumb\":{\"@id\":\"http:\\\/\\\/www.taoist.org\\\/fr\\\/osteoporose\\\/#breadcrumb\"},\"inLanguage\":\"fr-FR\",\"potentialAction\":[{\"@type\":\"ReadAction\",\"target\":[\"http:\\\/\\\/www.taoist.org\\\/fr\\\/osteoporose\\\/\"]}]},{\"@type\":\"BreadcrumbList\",\"@id\":\"http:\\\/\\\/www.taoist.org\\\/fr\\\/osteoporose\\\/#breadcrumb\",\"itemListElement\":[{\"@type\":\"ListItem\",\"position\":1,\"name\":\"Home\",\"item\":\"https:\\\/\\\/www.taoist.org\\\/\"},{\"@type\":\"ListItem\",\"position\":2,\"name\":\"Ost\u00e9oporose et les arts Tai Chi Tao\u00efsteMD\"}]},{\"@type\":\"WebSite\",\"@id\":\"https:\\\/\\\/www.taoist.org\\\/#website\",\"url\":\"https:\\\/\\\/www.taoist.org\\\/\",\"name\":\"Institut de tao\u00efsme Fung Loy Kok\",\"description\":\"\",\"potentialAction\":[{\"@type\":\"SearchAction\",\"target\":{\"@type\":\"EntryPoint\",\"urlTemplate\":\"https:\\\/\\\/www.taoist.org\\\/?s={search_term_string}\"},\"query-input\":{\"@type\":\"PropertyValueSpecification\",\"valueRequired\":true,\"valueName\":\"search_term_string\"}}],\"inLanguage\":\"fr-FR\"}]}<\/script>\n<!-- \/ Yoast SEO plugin. -->","yoast_head_json":{"title":"Ost\u00e9oporose et les arts Tai Chi Tao\u00efsteMD - Institut de tao\u00efsme Fung Loy Kok","robots":{"index":"index","follow":"follow","max-snippet":"max-snippet:-1","max-image-preview":"max-image-preview:large","max-video-preview":"max-video-preview:-1"},"canonical":"http:\/\/www.taoist.org\/fr\/osteoporose\/","og_locale":"fr_FR","og_type":"article","og_title":"Ost\u00e9oporose et les arts Tai Chi Tao\u00efsteMD - Institut de tao\u00efsme Fung Loy Kok","og_url":"http:\/\/www.taoist.org\/fr\/osteoporose\/","og_site_name":"Institut de tao\u00efsme Fung Loy Kok","article_publisher":"https:\/\/www.facebook.com\/flkttc\/","article_modified_time":"2025-10-01T17:32:29+00:00","twitter_card":"summary_large_image","twitter_site":"@taoisttaichisoc","schema":{"@context":"https:\/\/schema.org","@graph":[{"@type":"WebPage","@id":"http:\/\/www.taoist.org\/fr\/osteoporose\/","url":"http:\/\/www.taoist.org\/fr\/osteoporose\/","name":"Ost\u00e9oporose et les arts Tai Chi Tao\u00efsteMD - Institut de tao\u00efsme Fung Loy Kok","isPartOf":{"@id":"https:\/\/www.taoist.org\/#website"},"datePublished":"2025-10-01T07:57:50+00:00","dateModified":"2025-10-01T17:32:29+00:00","breadcrumb":{"@id":"http:\/\/www.taoist.org\/fr\/osteoporose\/#breadcrumb"},"inLanguage":"fr-FR","potentialAction":[{"@type":"ReadAction","target":["http:\/\/www.taoist.org\/fr\/osteoporose\/"]}]},{"@type":"BreadcrumbList","@id":"http:\/\/www.taoist.org\/fr\/osteoporose\/#breadcrumb","itemListElement":[{"@type":"ListItem","position":1,"name":"Home","item":"https:\/\/www.taoist.org\/"},{"@type":"ListItem","position":2,"name":"Ost\u00e9oporose et les arts Tai Chi Tao\u00efsteMD"}]},{"@type":"WebSite","@id":"https:\/\/www.taoist.org\/#website","url":"https:\/\/www.taoist.org\/","name":"Institut de tao\u00efsme Fung Loy Kok","description":"","potentialAction":[{"@type":"SearchAction","target":{"@type":"EntryPoint","urlTemplate":"https:\/\/www.taoist.org\/?s={search_term_string}"},"query-input":{"@type":"PropertyValueSpecification","valueRequired":true,"valueName":"search_term_string"}}],"inLanguage":"fr-FR"}]}},"_links":{"self":[{"href":"https:\/\/www.taoist.org\/fr\/wp-json\/wp\/v2\/pages\/335442","targetHints":{"allow":["GET"]}}],"collection":[{"href":"https:\/\/www.taoist.org\/fr\/wp-json\/wp\/v2\/pages"}],"about":[{"href":"https:\/\/www.taoist.org\/fr\/wp-json\/wp\/v2\/types\/page"}],"author":[{"embeddable":true,"href":"https:\/\/www.taoist.org\/fr\/wp-json\/wp\/v2\/users\/334"}],"replies":[{"embeddable":true,"href":"https:\/\/www.taoist.org\/fr\/wp-json\/wp\/v2\/comments?post=335442"}],"version-history":[{"count":1,"href":"https:\/\/www.taoist.org\/fr\/wp-json\/wp\/v2\/pages\/335442\/revisions"}],"predecessor-version":[{"id":335458,"href":"https:\/\/www.taoist.org\/fr\/wp-json\/wp\/v2\/pages\/335442\/revisions\/335458"}],"wp:attachment":[{"href":"https:\/\/www.taoist.org\/fr\/wp-json\/wp\/v2\/media?parent=335442"}],"curies":[{"name":"wp","href":"https:\/\/api.w.org\/{rel}","templated":true}]}}