{"id":327776,"date":"2024-06-26T03:33:27","date_gmt":"2024-06-26T07:33:27","guid":{"rendered":"https:\/\/www.taoist.org\/systeme-dacces-des-participants-canada\/"},"modified":"2025-09-03T07:11:24","modified_gmt":"2025-09-03T11:11:24","slug":"systeme-dacces-des-participants-canada","status":"publish","type":"page","link":"https:\/\/www.taoist.org\/fr\/systeme-dacces-des-participants-canada\/","title":{"rendered":"Syst\u00e8me d&rsquo;acc\u00e8s des participants &#8211; Canada"},"content":{"rendered":"\nPour vous inscrire ou vous connecter au syst\u00e8me d&rsquo;acc\u00e8s des participants, veuillez choisir votre emplacement :<br><br><strong>Cliquez\u00a0<a href=\"https:\/\/docs.google.com\/document\/d\/110dWYguAtRXiXTDSCqN-DWiaeQK0ZhO7\/edit?usp=sharing&#038;ouid=116565554782246989195&#038;rtpof=true&#038;sd=true\"> ici pour obtenir des instructions d\u00e9taill\u00e9es sur comment s&rsquo;inscrire<\/a>.<\/strong>\n","protected":false},"excerpt":{"rendered":"Pour vous inscrire ou vous connecter au syst\u00e8me d&rsquo;acc\u00e8s des participants, veuillez choisir votre emplacement : Cliquez\u00a0 ici pour obtenir des instructions d\u00e9taill\u00e9es sur comment s&rsquo;inscrire.","protected":false},"author":274,"featured_media":0,"parent":0,"menu_order":0,"comment_status":"closed","ping_status":"closed","template":"find-a-class.php","meta":{"_acf_changed":false,"footnotes":""},"class_list":["post-327776","page","type-page","status-publish","hentry"],"acf":[],"yoast_head":"<!-- This site is optimized with the Yoast SEO plugin v27.4 - https:\/\/yoast.com\/product\/yoast-seo-wordpress\/ -->\n<title>Syst\u00e8me d&#039;acc\u00e8s des participants - Canada - Institut de tao\u00efsme Fung Loy Kok<\/title>\n<meta name=\"robots\" content=\"index, follow, max-snippet:-1, max-image-preview:large, max-video-preview:-1\" \/>\n<link rel=\"canonical\" href=\"https:\/\/www.taoist.org\/fr\/systeme-dacces-des-participants-canada\/\" \/>\n<meta property=\"og:locale\" content=\"fr_FR\" \/>\n<meta property=\"og:type\" content=\"article\" \/>\n<meta property=\"og:title\" content=\"Syst\u00e8me d&#039;acc\u00e8s des participants - Canada - Institut de tao\u00efsme Fung Loy Kok\" \/>\n<meta property=\"og:description\" content=\"Pour vous inscrire ou vous connecter au syst\u00e8me d&rsquo;acc\u00e8s des participants, veuillez choisir votre emplacement : Cliquez\u00a0 ici pour obtenir des instructions d\u00e9taill\u00e9es sur comment s&rsquo;inscrire.\" \/>\n<meta property=\"og:url\" content=\"https:\/\/www.taoist.org\/fr\/systeme-dacces-des-participants-canada\/\" \/>\n<meta property=\"og:site_name\" content=\"Institut de tao\u00efsme Fung Loy Kok\" \/>\n<meta property=\"article:publisher\" content=\"https:\/\/www.facebook.com\/flkttc\/\" \/>\n<meta property=\"article:modified_time\" content=\"2025-09-03T11:11:24+00:00\" \/>\n<meta name=\"twitter:card\" content=\"summary_large_image\" \/>\n<meta name=\"twitter:site\" content=\"@taoisttaichisoc\" \/>\n<script type=\"application\/ld+json\" class=\"yoast-schema-graph\">{\"@context\":\"https:\\\/\\\/schema.org\",\"@graph\":[{\"@type\":\"WebPage\",\"@id\":\"https:\\\/\\\/www.taoist.org\\\/fr\\\/systeme-dacces-des-participants-canada\\\/\",\"url\":\"https:\\\/\\\/www.taoist.org\\\/fr\\\/systeme-dacces-des-participants-canada\\\/\",\"name\":\"Syst\u00e8me d'acc\u00e8s des participants - Canada - Institut de tao\u00efsme Fung Loy Kok\",\"isPartOf\":{\"@id\":\"https:\\\/\\\/www.taoist.org\\\/#website\"},\"datePublished\":\"2024-06-26T07:33:27+00:00\",\"dateModified\":\"2025-09-03T11:11:24+00:00\",\"breadcrumb\":{\"@id\":\"https:\\\/\\\/www.taoist.org\\\/fr\\\/systeme-dacces-des-participants-canada\\\/#breadcrumb\"},\"inLanguage\":\"fr-FR\",\"potentialAction\":[{\"@type\":\"ReadAction\",\"target\":[\"https:\\\/\\\/www.taoist.org\\\/fr\\\/systeme-dacces-des-participants-canada\\\/\"]}]},{\"@type\":\"BreadcrumbList\",\"@id\":\"https:\\\/\\\/www.taoist.org\\\/fr\\\/systeme-dacces-des-participants-canada\\\/#breadcrumb\",\"itemListElement\":[{\"@type\":\"ListItem\",\"position\":1,\"name\":\"Home\",\"item\":\"https:\\\/\\\/www.taoist.org\\\/\"},{\"@type\":\"ListItem\",\"position\":2,\"name\":\"Syst\u00e8me d&#8217;acc\u00e8s des participants &#8211; Canada\"}]},{\"@type\":\"WebSite\",\"@id\":\"https:\\\/\\\/www.taoist.org\\\/#website\",\"url\":\"https:\\\/\\\/www.taoist.org\\\/\",\"name\":\"Institut de tao\u00efsme Fung Loy Kok\",\"description\":\"\",\"potentialAction\":[{\"@type\":\"SearchAction\",\"target\":{\"@type\":\"EntryPoint\",\"urlTemplate\":\"https:\\\/\\\/www.taoist.org\\\/?s={search_term_string}\"},\"query-input\":{\"@type\":\"PropertyValueSpecification\",\"valueRequired\":true,\"valueName\":\"search_term_string\"}}],\"inLanguage\":\"fr-FR\"}]}<\/script>\n<!-- \/ Yoast SEO plugin. -->","yoast_head_json":{"title":"Syst\u00e8me d'acc\u00e8s des participants - Canada - Institut de tao\u00efsme Fung Loy Kok","robots":{"index":"index","follow":"follow","max-snippet":"max-snippet:-1","max-image-preview":"max-image-preview:large","max-video-preview":"max-video-preview:-1"},"canonical":"https:\/\/www.taoist.org\/fr\/systeme-dacces-des-participants-canada\/","og_locale":"fr_FR","og_type":"article","og_title":"Syst\u00e8me d'acc\u00e8s des participants - Canada - Institut de tao\u00efsme Fung Loy Kok","og_description":"Pour vous inscrire ou vous connecter au syst\u00e8me d&rsquo;acc\u00e8s des participants, veuillez choisir votre emplacement : Cliquez\u00a0 ici pour obtenir des instructions d\u00e9taill\u00e9es sur comment s&rsquo;inscrire.","og_url":"https:\/\/www.taoist.org\/fr\/systeme-dacces-des-participants-canada\/","og_site_name":"Institut de tao\u00efsme Fung Loy Kok","article_publisher":"https:\/\/www.facebook.com\/flkttc\/","article_modified_time":"2025-09-03T11:11:24+00:00","twitter_card":"summary_large_image","twitter_site":"@taoisttaichisoc","schema":{"@context":"https:\/\/schema.org","@graph":[{"@type":"WebPage","@id":"https:\/\/www.taoist.org\/fr\/systeme-dacces-des-participants-canada\/","url":"https:\/\/www.taoist.org\/fr\/systeme-dacces-des-participants-canada\/","name":"Syst\u00e8me d'acc\u00e8s des participants - Canada - Institut de tao\u00efsme Fung Loy Kok","isPartOf":{"@id":"https:\/\/www.taoist.org\/#website"},"datePublished":"2024-06-26T07:33:27+00:00","dateModified":"2025-09-03T11:11:24+00:00","breadcrumb":{"@id":"https:\/\/www.taoist.org\/fr\/systeme-dacces-des-participants-canada\/#breadcrumb"},"inLanguage":"fr-FR","potentialAction":[{"@type":"ReadAction","target":["https:\/\/www.taoist.org\/fr\/systeme-dacces-des-participants-canada\/"]}]},{"@type":"BreadcrumbList","@id":"https:\/\/www.taoist.org\/fr\/systeme-dacces-des-participants-canada\/#breadcrumb","itemListElement":[{"@type":"ListItem","position":1,"name":"Home","item":"https:\/\/www.taoist.org\/"},{"@type":"ListItem","position":2,"name":"Syst\u00e8me d&#8217;acc\u00e8s des participants &#8211; Canada"}]},{"@type":"WebSite","@id":"https:\/\/www.taoist.org\/#website","url":"https:\/\/www.taoist.org\/","name":"Institut de tao\u00efsme Fung Loy Kok","description":"","potentialAction":[{"@type":"SearchAction","target":{"@type":"EntryPoint","urlTemplate":"https:\/\/www.taoist.org\/?s={search_term_string}"},"query-input":{"@type":"PropertyValueSpecification","valueRequired":true,"valueName":"search_term_string"}}],"inLanguage":"fr-FR"}]}},"_links":{"self":[{"href":"https:\/\/www.taoist.org\/fr\/wp-json\/wp\/v2\/pages\/327776","targetHints":{"allow":["GET"]}}],"collection":[{"href":"https:\/\/www.taoist.org\/fr\/wp-json\/wp\/v2\/pages"}],"about":[{"href":"https:\/\/www.taoist.org\/fr\/wp-json\/wp\/v2\/types\/page"}],"author":[{"embeddable":true,"href":"https:\/\/www.taoist.org\/fr\/wp-json\/wp\/v2\/users\/274"}],"replies":[{"embeddable":true,"href":"https:\/\/www.taoist.org\/fr\/wp-json\/wp\/v2\/comments?post=327776"}],"version-history":[{"count":8,"href":"https:\/\/www.taoist.org\/fr\/wp-json\/wp\/v2\/pages\/327776\/revisions"}],"predecessor-version":[{"id":335021,"href":"https:\/\/www.taoist.org\/fr\/wp-json\/wp\/v2\/pages\/327776\/revisions\/335021"}],"wp:attachment":[{"href":"https:\/\/www.taoist.org\/fr\/wp-json\/wp\/v2\/media?parent=327776"}],"curies":[{"name":"wp","href":"https:\/\/api.w.org\/{rel}","templated":true}]}}